{"id":442,"date":"2021-04-06T11:03:50","date_gmt":"2021-04-06T11:03:50","guid":{"rendered":"http:\/\/lameleib.eu\/good-to-know\/"},"modified":"2021-05-06T07:20:43","modified_gmt":"2021-05-06T07:20:43","slug":"hyodyllista-tietoa","status":"publish","type":"page","link":"https:\/\/lameleib.eu\/fi\/hyodyllista-tietoa\/","title":{"rendered":"Hy\u00f6dyllist\u00e4 tietoa!"},"content":{"rendered":"\n<h2 class=\"wp-block-heading\"><strong>Lavashin s\u00e4ilytysohjeet<\/strong>?<\/h2>\n\n\n\n<ol class=\"wp-block-list\"><li>Lavash s\u00e4ilyy huoneenl\u00e4mm\u00f6ss\u00e4 4-7 p\u00e4iv\u00e4\u00e4.<\/li><li>Leip\u00e4 s\u00e4ilyy j\u00e4\u00e4kaapissa 14 p\u00e4iv\u00e4\u00e4. Leiv\u00e4n on annettava l\u00e4mmet\u00e4 huoneenl\u00e4mp\u00f6iseksi ennen sy\u00f6mist\u00e4.<\/li><li>Leip\u00e4 s\u00e4ilyy pakastimessa 30 p\u00e4iv\u00e4\u00e4. Anna pakastetun leiv\u00e4n sulaa ensin kokonaan ennen sen sy\u00f6mist\u00e4.<\/li><\/ol>\n\n\n\n<p>HUOM! Jos koko leip\u00e4\u00e4 ei k\u00e4ytet\u00e4 yhdell\u00e4 kertaa, sulje pakkaus ilmatiiviisti. Leiv\u00e4ss\u00e4 ei ole k\u00e4ytetty lis\u00e4aineita, joten se kuivuu tai murenee, jos pakkausta ei suljeta huolellisesti. Jos leip\u00e4 on jo hiukan kuivunut, kostuta se uudelleen asettamalla kostea pyyhe leiv\u00e4n p\u00e4\u00e4lle muutamaksi minuutiksi. Vaihtoehtoisesti lavash tai tortilla voidaan laittaa pakastimeen ja antaa sen j\u00e4\u00e4ty\u00e4. Anna j\u00e4\u00e4tyneen lavashin sulaa ensin kokonaan pakastamisesta ottamisen j\u00e4lkeen, ja huomaat, ett\u00e4 leip\u00e4 on taipuisaa eik\u00e4 en\u00e4\u00e4 murene.<\/p>\n\n\n\n<h2 class=\"wp-block-heading\"><strong>Miksi kannattaa valita LameLeibin tuotteet<\/strong>?<\/h2>\n\n\n\n<p>LameLeibin tuotteissa k\u00e4ytet\u00e4\u00e4n puhtaita raaka-aineita, joten niiss\u00e4 ei ole s\u00e4il\u00f6nt\u00e4aineita eik\u00e4 muita lis\u00e4aineita.<\/p>\n\n\n\n<div class=\"wp-block-image\"><figure class=\"alignright\"><img decoding=\"async\" src=\"https:\/\/lameleib.eu\/wp-content\/uploads\/2016\/05\/Picture1.png\" alt=\"\" class=\"wp-image-3205\"\/><\/figure><\/div>\n\n\n\n<p>Ohut ja moneen muuntuva litte\u00e4 leip\u00e4 sopii v\u00e4lipalaksi, p\u00e4\u00e4ruoaksi ja my\u00f6s j\u00e4lkiruoaksi. Vain mielikuvitus on rajana! Katso reseptit htttp:\/\/lameleib.eu\/retseptid\/<\/p>\n\n\n\n<p>Toivomme, ett\u00e4 tuotteemme edist\u00e4v\u00e4t hyvinvointia ja motivoivat sy\u00f6m\u00e4\u00e4n entist\u00e4 terveellisemmin ja monipuolisemmin!<\/p>\n\n\n\n<p>LameLeib &#8211; uusia makuja ruokap\u00f6yt\u00e4\u00e4n!<\/p>\n\n\n\n<h2 class=\"wp-block-heading\">Lavash on liian kovaa?<\/h2>\n\n\n\n<p>Tuoreimmillaan lavash on joustavaa eli se venyy hyvin ja voi my\u00f6s tuntua hiukan kovemmalta suussa. Siksi lavash-leiv\u00e4st\u00e4 tehty wrap tai k\u00e4\u00e4ryle kannattaa paistaa pannulla molemmilta puolilta, laittaa grilliin tai v\u00e4h\u00e4ksi aikaa uuniin. Valmiin ruoan voi my\u00f6s laittaa j\u00e4\u00e4kaappiin, jotta leip\u00e4 pehmenisi hiukan. Sen j\u00e4lkeen voit herkutella! ????<\/p>\n","protected":false},"excerpt":{"rendered":"<p>Lavashin s\u00e4ilytysohjeet? Lavash s\u00e4ilyy huoneenl\u00e4mm\u00f6ss\u00e4 4-7 p\u00e4iv\u00e4\u00e4. Leip\u00e4 s\u00e4ilyy j\u00e4\u00e4kaapissa 14 p\u00e4iv\u00e4\u00e4. Leiv\u00e4n on annettava l\u00e4mmet\u00e4 huoneenl\u00e4mp\u00f6iseksi ennen sy\u00f6mist\u00e4. Leip\u00e4 s\u00e4ilyy pakastimessa 30 p\u00e4iv\u00e4\u00e4. Anna pakastetun leiv\u00e4n sulaa ensin kokonaan ennen sen sy\u00f6mist\u00e4. HUOM! Jos koko leip\u00e4\u00e4 ei k\u00e4ytet\u00e4 yhdell\u00e4 kertaa, sulje pakkaus ilmatiiviisti. Leiv\u00e4ss\u00e4 ei ole k\u00e4ytetty lis\u00e4aineita, joten se kuivuu tai murenee, jos [&hellip;]<\/p>\n","protected":false},"author":2,"featured_media":0,"parent":0,"menu_order":0,"comment_status":"closed","ping_status":"closed","template":"tpl__goodto-know.php","meta":{"_acf_changed":false,"footnotes":""},"class_list":["post-442","page","type-page","status-publish","hentry"],"acf":[],"_links":{"self":[{"href":"https:\/\/lameleib.eu\/fi\/wp-json\/wp\/v2\/pages\/442"}],"collection":[{"href":"https:\/\/lameleib.eu\/fi\/wp-json\/wp\/v2\/pages"}],"about":[{"href":"https:\/\/lameleib.eu\/fi\/wp-json\/wp\/v2\/types\/page"}],"author":[{"embeddable":true,"href":"https:\/\/lameleib.eu\/fi\/wp-json\/wp\/v2\/users\/2"}],"replies":[{"embeddable":true,"href":"https:\/\/lameleib.eu\/fi\/wp-json\/wp\/v2\/comments?post=442"}],"version-history":[{"count":2,"href":"https:\/\/lameleib.eu\/fi\/wp-json\/wp\/v2\/pages\/442\/revisions"}],"predecessor-version":[{"id":446,"href":"https:\/\/lameleib.eu\/fi\/wp-json\/wp\/v2\/pages\/442\/revisions\/446"}],"wp:attachment":[{"href":"https:\/\/lameleib.eu\/fi\/wp-json\/wp\/v2\/media?parent=442"}],"curies":[{"name":"wp","href":"https:\/\/api.w.org\/{rel}","templated":true}]}}