{"id":432,"date":"2021-04-06T10:32:59","date_gmt":"2021-04-06T10:32:59","guid":{"rendered":"http:\/\/lameleib.eu\/meie-lugu\/"},"modified":"2024-03-06T16:55:27","modified_gmt":"2024-03-06T16:55:27","slug":"meie-lugu","status":"publish","type":"page","link":"https:\/\/lameleib.eu\/fi\/meie-lugu\/","title":{"rendered":"Meid\u00e4n tarinamme"},"content":{"rendered":"\n<p>LameLeib on virolainen leipomo, joka tarjoaa asiakkailleen mielenkiintoisia tuotteita ja uusia makuyhdistelmi\u00e4.<\/p>\n\n\n\n<h4 class=\"wp-block-heading\"><strong><strong>Mit\u00e4 litte\u00e4 leip\u00e4 on (eng. \u201dflatbread\u201d)<\/strong><\/strong>?<\/h4>\n\n\n\n<p>Jauhosta ja vedest\u00e4 tehty\u00e4 litte\u00e4\u00e4 leip\u00e4\u00e4 on paistettu avotulella ja kuumien kivien p\u00e4\u00e4ll\u00e4 jo ammoisista ajoista l\u00e4htien. Litte\u00e4 leip\u00e4 on arkiruokaa useissa eri maissa yh\u00e4 edelleen. Tortilloja sy\u00f6d\u00e4\u00e4n Meksikossa ja Intiassa, Pakistanissa ja Iranissa naan-leip\u00e4\u00e4. Etiopiassa ja sen naapurimaissa paikallinen litte\u00e4 leip\u00e4 on nimelt\u00e4\u00e4n \u201dinjer\u201d, Israelissa \u201dmatsa\u201d ja Kiinassa \u201dpo bi\u201d tai \u201dbing\u201d. Yhdysvaltojen alkuper\u00e4isasukkaiden litte\u00e4 leip\u00e4 on \u201djohnnycake\u201d ja Kaukasian alueen maissa, Kreikassa ja Turkissa litte\u00e4 leip\u00e4 on nimelt\u00e4\u00e4n \u201dlavash\u201d. Norjalainen flatbr\u00f8d ja kaikkien tuntema italialainen pizza ovat my\u00f6s litteit\u00e4 leipi\u00e4. Leiviss\u00e4 k\u00e4ytett\u00e4v\u00e4t jauhot voivat olla erilaisia, mutta valmistustapa on hyvin samankaltainen. Litte\u00e4 leip\u00e4 on helpoimmin valmistettava jauhosta ja vedest\u00e4 teht\u00e4v\u00e4 leip\u00e4.<\/p>\n\n\n<div class=\"wp-block-image\">\n<figure class=\"alignright size-large\"><img loading=\"lazy\" decoding=\"async\" width=\"257\" height=\"141\" src=\"https:\/\/lameleib.eu\/wp-content\/uploads\/2021\/05\/Picture1.png\" alt=\"\" class=\"wp-image-435\"\/><\/figure><\/div>\n\n\n<p>Erilaisilla t\u00e4ytteill\u00e4 ohuesta ja monipuolisesta litte\u00e4st\u00e4 leiv\u00e4st\u00e4 on helppo tehd\u00e4 suussa sulavia k\u00e4\u00e4ryleit\u00e4 tai wrappeja, ja leip\u00e4 sopii erinomaisesti my\u00f6s kevyeksi v\u00e4lipalaksi tai suurempaankin n\u00e4lk\u00e4\u00e4n kylm\u00e4n tai l\u00e4mpim\u00e4n suolaisen tai makean kasvis- tai lihat\u00e4ytteen kanssa. Vain mielikuvitus on rajana, kun puhutaan litte\u00e4n leiv\u00e4n t\u00e4ytteist\u00e4.<br><\/p>\n\n\n\n<p>Leipomomme litte\u00e4t leiv\u00e4t tehd\u00e4\u00e4n puhtaista raaka-aineista eik\u00e4 leiviss\u00e4 k\u00e4ytet\u00e4 s\u00e4ilytysaineita tai muita lis\u00e4aineita.<\/p>\n\n\n\n<p>Uskomme, ett\u00e4 tuotteidemme maku ja laatu vastaavat asiakkaidemme toiveita nyt ja tulevaisuudessa!<\/p>\n\n\n\n<p>Toivomme, ett\u00e4 tuotteemme edist\u00e4v\u00e4t hyvinvointia ja motivoivat sy\u00f6m\u00e4\u00e4n entist\u00e4 terveellisemmin ja monipuolisemmin!<\/p>\n\n\n\n<p>Valmistuksessa hy\u00f6dynnet\u00e4\u00e4n modernia teknologiaa, ja yrityksemme toiminnassa noudatetaan uusimpia laadunvarmistusj\u00e4rjestelmi\u00e4.<\/p>\n\n\n\n<p>LameLeib &#8211; uusia makuja ruokap\u00f6yt\u00e4\u00e4n!<\/p>\n","protected":false},"excerpt":{"rendered":"<p>LameLeib on virolainen leipomo, joka tarjoaa asiakkailleen mielenkiintoisia tuotteita ja uusia makuyhdistelmi\u00e4. Mit\u00e4 litte\u00e4 leip\u00e4 on (eng. \u201dflatbread\u201d)? Jauhosta ja vedest\u00e4 tehty\u00e4 litte\u00e4\u00e4 leip\u00e4\u00e4 on paistettu avotulella ja kuumien kivien p\u00e4\u00e4ll\u00e4 jo ammoisista ajoista l\u00e4htien. Litte\u00e4 leip\u00e4 on arkiruokaa useissa eri maissa yh\u00e4 edelleen. Tortilloja sy\u00f6d\u00e4\u00e4n Meksikossa ja Intiassa, Pakistanissa ja Iranissa naan-leip\u00e4\u00e4. Etiopiassa ja [&hellip;]<\/p>\n","protected":false},"author":2,"featured_media":0,"parent":0,"menu_order":0,"comment_status":"closed","ping_status":"closed","template":"tpl__our-story.php","meta":{"_acf_changed":false,"footnotes":""},"class_list":["post-432","page","type-page","status-publish","hentry"],"acf":[],"_links":{"self":[{"href":"https:\/\/lameleib.eu\/fi\/wp-json\/wp\/v2\/pages\/432"}],"collection":[{"href":"https:\/\/lameleib.eu\/fi\/wp-json\/wp\/v2\/pages"}],"about":[{"href":"https:\/\/lameleib.eu\/fi\/wp-json\/wp\/v2\/types\/page"}],"author":[{"embeddable":true,"href":"https:\/\/lameleib.eu\/fi\/wp-json\/wp\/v2\/users\/2"}],"replies":[{"embeddable":true,"href":"https:\/\/lameleib.eu\/fi\/wp-json\/wp\/v2\/comments?post=432"}],"version-history":[{"count":5,"href":"https:\/\/lameleib.eu\/fi\/wp-json\/wp\/v2\/pages\/432\/revisions"}],"predecessor-version":[{"id":9082,"href":"https:\/\/lameleib.eu\/fi\/wp-json\/wp\/v2\/pages\/432\/revisions\/9082"}],"wp:attachment":[{"href":"https:\/\/lameleib.eu\/fi\/wp-json\/wp\/v2\/media?parent=432"}],"curies":[{"name":"wp","href":"https:\/\/api.w.org\/{rel}","templated":true}]}}